{"id":837,"date":"2022-07-01T11:08:28","date_gmt":"2022-07-01T14:08:28","guid":{"rendered":"http:\/\/radar190.com.br\/?page_id=837"},"modified":"2022-07-01T11:09:48","modified_gmt":"2022-07-01T14:09:48","slug":"por-falta-de-provas-justica-concede-liberdade-a-jovem-acusado-de-participar-de-homicidio-em-itaporanga","status":"publish","type":"page","link":"https:\/\/radar190.com.br\/index.php\/por-falta-de-provas-justica-concede-liberdade-a-jovem-acusado-de-participar-de-homicidio-em-itaporanga\/","title":{"rendered":"Por falta de provas, justi\u00e7a concede liberdade a jovem acusado de participar de homic\u00eddio em Itaporanga"},"content":{"rendered":"\n<p>Em reconhecimento ao Habeas Corpus impetrado pelo Advogado Clebson Wellington Leite de Sousa, o Tribunal de Justi\u00e7a da Para\u00edba, concedeu a ordem e revogou a pris\u00e3o preventiva decretada em desfavor do jovem Leonardo da Silva Bido de 20 anos. Ele foi indiciado por supostamente ter participado de um homic\u00eddio doloso, na cidade de Itaporanga-PB, por\u00e9m sua defesa, provou junto ao TJPB que n\u00e3o havia elementos nos autos do processo, para manter a pris\u00e3o do seu cliente e que ele vai provar sua inic\u00eancia.<\/p>\n\n\n\n<p>L\u00e9o como \u00e9 conhecido, foi posto em liberdade, os demais reus permanecem presos.<\/p>\n\n\n\n<p>O crime teria sido conta Everton Soares, de 31 anos que morreu na noite de 10 de mar\u00e7o de 2022 na rua Marcelino Diniz, nas proximidades do Col\u00e9gio Padre Diniz.<\/p>\n\n\n\n<p>DiamanteOnline<\/p>\n\n\n\n<h2 class=\"has-nv-c-2-background-color has-background wp-block-heading\"><\/h2>\n","protected":false},"excerpt":{"rendered":"<p>Em reconhecimento ao Habeas Corpus impetrado pelo Advogado Clebson Wellington Leite de Sousa, o Tribunal de Justi\u00e7a da Para\u00edba, concedeu a ordem e revogou a pris\u00e3o preventiva decretada em desfavor do jovem Leonardo da Silva Bido de 20 anos. Ele foi indiciado por supostamente ter participado de um homic\u00eddio doloso, [&hellip;]<\/p>\n","protected":false},"author":1,"featured_media":0,"parent":0,"menu_order":0,"comment_status":"closed","ping_status":"closed","template":"","meta":{"_mi_skip_tracking":false,"_ti_tpc_template_sync":false,"_ti_tpc_template_id":"","_joinchat":[],"footnotes":""},"class_list":["post-837","page","type-page","status-publish","hentry"],"_links":{"self":[{"href":"https:\/\/radar190.com.br\/index.php\/wp-json\/wp\/v2\/pages\/837","targetHints":{"allow":["GET"]}}],"collection":[{"href":"https:\/\/radar190.com.br\/index.php\/wp-json\/wp\/v2\/pages"}],"about":[{"href":"https:\/\/radar190.com.br\/index.php\/wp-json\/wp\/v2\/types\/page"}],"author":[{"embeddable":true,"href":"https:\/\/radar190.com.br\/index.php\/wp-json\/wp\/v2\/users\/1"}],"replies":[{"embeddable":true,"href":"https:\/\/radar190.com.br\/index.php\/wp-json\/wp\/v2\/comments?post=837"}],"version-history":[{"count":3,"href":"https:\/\/radar190.com.br\/index.php\/wp-json\/wp\/v2\/pages\/837\/revisions"}],"predecessor-version":[{"id":841,"href":"https:\/\/radar190.com.br\/index.php\/wp-json\/wp\/v2\/pages\/837\/revisions\/841"}],"wp:attachment":[{"href":"https:\/\/radar190.com.br\/index.php\/wp-json\/wp\/v2\/media?parent=837"}],"curies":[{"name":"wp","href":"https:\/\/api.w.org\/{rel}","templated":true}]}}